{"id":45,"date":"2022-03-07T15:49:56","date_gmt":"2022-03-07T14:49:56","guid":{"rendered":"https:\/\/kgals.unipa.it\/?page_id=45"},"modified":"2022-06-27T16:17:50","modified_gmt":"2022-06-27T14:17:50","slug":"committees","status":"publish","type":"page","link":"https:\/\/kgals.unipa.it\/?page_id=45","title":{"rendered":"Committees"},"content":{"rendered":"\n<h2><strong>Program Chairs<\/strong><\/h2>\n\n\n\n<ul><li>Mariella Bonomo, University of Palermo <\/li><\/ul>\n\n\n\n<ul><li>Simona E. Rombo , University of Palermo<\/li><\/ul>\n\n\n<div class=\"wp-block-image\">\n<figure class=\"aligncenter size-full is-resized\"><img loading=\"lazy\" src=\"https:\/\/kgals.unipa.it\/wp-content\/uploads\/2022\/03\/new-photo.png\" alt=\"\" class=\"wp-image-178\" width=\"325\" height=\"161\" srcset=\"https:\/\/kgals.unipa.it\/wp-content\/uploads\/2022\/03\/new-photo.png 433w, https:\/\/kgals.unipa.it\/wp-content\/uploads\/2022\/03\/new-photo-300x149.png 300w\" sizes=\"(max-width: 325px) 100vw, 325px\" \/><\/figure><\/div>\n\n\n<h2>Program Committee&nbsp;Members<\/h2>\n\n\n\n<ul><li>Lorenzo Di Rocco, University of Rome &#8220;La Sapienza&#8221; <\/li><li>Valeria Fionda, University of Calabria<\/li><li>Umberto Ferraro Petrillo, University of Rome &#8220;La Sapienza&#8221; <\/li><li>Antonia Russo, University &#8220;Mediterranea&#8221; of Reggio Calabria<\/li><li>Edoardo Serra, Boise University<\/li><li>Cristina Serrao, University of Calabria<\/li><li>Blerina Sinaimeri, LUISS University<\/li><li>Francesca Spezzano, Boise University<\/li><li>Filippo Utro, Computational Biology Center, IBM T. J. Watson Research<\/li><li>Leonardo Alexandre, INESC-ID, Instituto Superior T\u00e9cnico<\/li><li>M\u00f3nica de Mendon\u00e7a Silva, INESC-ID<\/li><li>Jo\u00e3o Tiago Apar\u00edcio, INESC-ID, Instituto Superior T\u00e9cnico<\/li><\/ul>\n","protected":false},"excerpt":{"rendered":"<p>Program Chairs Mariella Bonomo, University of Palermo Simona E. Rombo , University of Palermo Program Committee&nbsp;Members Lorenzo Di Rocco, University of Rome &#8220;La Sapienza&#8221; Valeria Fionda, University of Calabria Umberto Ferraro Petrillo, University of Rome &#8220;La Sapienza&#8221; Antonia Russo, University &#8220;Mediterranea&#8221; of Reggio Calabria Edoardo Serra, Boise University Cristina Serrao, University of Calabria Blerina Sinaimeri, [&hellip;]<\/p>\n","protected":false},"author":1,"featured_media":0,"parent":0,"menu_order":0,"comment_status":"closed","ping_status":"closed","template":"","meta":[],"_links":{"self":[{"href":"https:\/\/kgals.unipa.it\/index.php?rest_route=\/wp\/v2\/pages\/45"}],"collection":[{"href":"https:\/\/kgals.unipa.it\/index.php?rest_route=\/wp\/v2\/pages"}],"about":[{"href":"https:\/\/kgals.unipa.it\/index.php?rest_route=\/wp\/v2\/types\/page"}],"author":[{"embeddable":true,"href":"https:\/\/kgals.unipa.it\/index.php?rest_route=\/wp\/v2\/users\/1"}],"replies":[{"embeddable":true,"href":"https:\/\/kgals.unipa.it\/index.php?rest_route=%2Fwp%2Fv2%2Fcomments&post=45"}],"version-history":[{"count":18,"href":"https:\/\/kgals.unipa.it\/index.php?rest_route=\/wp\/v2\/pages\/45\/revisions"}],"predecessor-version":[{"id":207,"href":"https:\/\/kgals.unipa.it\/index.php?rest_route=\/wp\/v2\/pages\/45\/revisions\/207"}],"wp:attachment":[{"href":"https:\/\/kgals.unipa.it\/index.php?rest_route=%2Fwp%2Fv2%2Fmedia&parent=45"}],"curies":[{"name":"wp","href":"https:\/\/api.w.org\/{rel}","templated":true}]}}